{"id":3675,"date":"2020-12-21T10:53:34","date_gmt":"2020-12-21T08:53:34","guid":{"rendered":"http:\/\/etmu.fi\/?page_id=3675"},"modified":"2024-09-19T21:04:05","modified_gmt":"2024-09-19T18:04:05","slug":"board-petajaniemi","status":"publish","type":"page","link":"https:\/\/etmu.fi\/en\/board-petajaniemi\/","title":{"rendered":"Maria Pet\u00e4j\u00e4niemi"},"content":{"rendered":"<p><img decoding=\"async\" loading=\"lazy\" class=\"size-medium wp-image-3676 alignright\" src=\"http:\/\/etmu.fi\/wp-content\/uploads\/2020\/12\/Petajaniemi-300x126.jpg\" alt=\"\" width=\"300\" height=\"126\" srcset=\"https:\/\/etmu.fi\/wp-content\/uploads\/2020\/12\/Petajaniemi-300x126.jpg 300w, https:\/\/etmu.fi\/wp-content\/uploads\/2020\/12\/Petajaniemi-1024x428.jpg 1024w, https:\/\/etmu.fi\/wp-content\/uploads\/2020\/12\/Petajaniemi-768x321.jpg 768w, https:\/\/etmu.fi\/wp-content\/uploads\/2020\/12\/Petajaniemi-1536x643.jpg 1536w, https:\/\/etmu.fi\/wp-content\/uploads\/2020\/12\/Petajaniemi-2048x857.jpg 2048w\" sizes=\"(max-width: 300px) 100vw, 300px\" \/><\/p>\n<p>My name is <strong>Maria Pet\u00e4j\u00e4niemi<\/strong>. I am a postdoctoral researcher at Tampere University. My research focuses on the normative discourses surrounding refugee students, subject formation, critical views on integration, and the oppressive mechanisms functioning in the education system.<\/p>\n<p>I work on various national and international projects related to forced migration and education. For instance, In the KOTI project funded by the Kone Foundation, we investigate the possibilities and limitations of refugee education with the goal of transforming Finnish refugee education practices from temporary panic solutions to more sustainable approaches. The VOITTO research project, funded by the Ministry of Education and Culture, aims to understand how the comprehensive support of newly arrived students&#8217; integration into the school community can be achieved. Additionally, I act as the co-director of the <span data-ogsc=\"black\"><a id=\"OWA4bc2155b-9817-d6df-eca4-bba4e7736c4f\" title=\"Original URL: https:\/\/www.oulu.fi\/en\/research-groups\/social-justice-focus-education-safe. Click or tap if you trust this link.\" href=\"https:\/\/eur03.safelinks.protection.outlook.com\/?url=https%3A%2F%2Fwww.oulu.fi%2Fen%2Fresearch-groups%2Fsocial-justice-focus-education-safe&amp;data=05%7C02%7Cquaondom%40jyu.mail.onmicrosoft.com%7C0694520badaf42b203dd08dcd88c84f3%7Ce9662d58caa44bc1b138c8b1acab5a11%7C1%7C0%7C638623345265792559%7CUnknown%7CTWFpbGZsb3d8eyJWIjoiMC4wLjAwMDAiLCJQIjoiV2luMzIiLCJBTiI6Ik1haWwiLCJXVCI6Mn0%3D%7C0%7C%7C%7C&amp;sdata=qoqcPUg1SrGx8N1dFFFx84DTW2UpgeJXpYOMTFQp8l0%3D&amp;reserved=0\" target=\"_blank\" rel=\"noopener noreferrer\" data-linkindex=\"0\" data-loopstyle=\"linkonly\" data-auth=\"Verified\" data-ogsc=\"black\">SAFE (Social Justice at the Focus of Education)<\/a><\/span>\u00a0research collective. SAFE explores the possibilities of agency, participation, and safety for diverse students in schools, as well as how societal, educational, and developmental structures create or hinder these possibilities.<\/p>\n","protected":false},"excerpt":{"rendered":"<p>My name is Maria Pet\u00e4j\u00e4niemi. I am a postdoctoral researcher at Tampere University. My research focuses on the normative discourses surrounding refugee students, subject formation, critical views on integration, and the oppressive mechanisms functioning in the education system. I work on various national and international projects related to forced migration and education. For instance, In&hellip;&nbsp;<a href=\"https:\/\/etmu.fi\/en\/board-petajaniemi\/\" class=\"\" rel=\"bookmark\">Read More &raquo;<span class=\"screen-reader-text\">Maria Pet\u00e4j\u00e4niemi<\/span><\/a><\/p>\n","protected":false},"author":19,"featured_media":0,"parent":0,"menu_order":0,"comment_status":"closed","ping_status":"closed","template":"","meta":{"inline_featured_image":false,"_uag_custom_page_level_css":"","neve_meta_sidebar":"","neve_meta_container":"","neve_meta_enable_content_width":"","neve_meta_content_width":0,"neve_meta_title_alignment":"","neve_meta_author_avatar":"","neve_post_elements_order":"","neve_meta_disable_header":"","neve_meta_disable_footer":"","neve_meta_disable_title":""},"yoast_head":"<!-- This site is optimized with the Yoast SEO plugin v20.5 - https:\/\/yoast.com\/wordpress\/plugins\/seo\/ -->\n<title>Maria Pet\u00e4j\u00e4niemi - ETMU<\/title>\n<meta name=\"robots\" content=\"index, follow, max-snippet:-1, max-image-preview:large, max-video-preview:-1\" \/>\n<link rel=\"canonical\" href=\"https:\/\/etmu.fi\/en\/board-petajaniemi\/\" \/>\n<meta property=\"og:locale\" content=\"en_US\" \/>\n<meta property=\"og:type\" content=\"article\" \/>\n<meta property=\"og:title\" content=\"Maria Pet\u00e4j\u00e4niemi - ETMU\" \/>\n<meta property=\"og:description\" content=\"My name is Maria Pet\u00e4j\u00e4niemi. I am a postdoctoral researcher at Tampere University. My research focuses on the normative discourses surrounding refugee students, subject formation, critical views on integration, and the oppressive mechanisms functioning in the education system. I work on various national and international projects related to forced migration and education. For instance, In&hellip;&nbsp;Read More &raquo;Maria Pet\u00e4j\u00e4niemi\" \/>\n<meta property=\"og:url\" content=\"https:\/\/etmu.fi\/en\/board-petajaniemi\/\" \/>\n<meta property=\"og:site_name\" content=\"ETMU\" \/>\n<meta property=\"article:publisher\" content=\"https:\/\/www.facebook.com\/Etmu-ry-276925405713353\/\" \/>\n<meta property=\"article:modified_time\" content=\"2024-09-19T18:04:05+00:00\" \/>\n<meta property=\"og:image\" content=\"http:\/\/etmu.fi\/wp-content\/uploads\/2020\/12\/Petajaniemi-300x126.jpg\" \/>\n<meta name=\"twitter:label1\" content=\"Est. reading time\" \/>\n\t<meta name=\"twitter:data1\" content=\"2 minutes\" \/>\n<script type=\"application\/ld+json\" class=\"yoast-schema-graph\">{\"@context\":\"https:\/\/schema.org\",\"@graph\":[{\"@type\":\"WebPage\",\"@id\":\"https:\/\/etmu.fi\/en\/board-petajaniemi\/\",\"url\":\"https:\/\/etmu.fi\/en\/board-petajaniemi\/\",\"name\":\"Maria Pet\u00e4j\u00e4niemi - ETMU\",\"isPartOf\":{\"@id\":\"https:\/\/etmu.fi\/en\/#website\"},\"datePublished\":\"2020-12-21T08:53:34+00:00\",\"dateModified\":\"2024-09-19T18:04:05+00:00\",\"inLanguage\":\"en-US\",\"potentialAction\":[{\"@type\":\"ReadAction\",\"target\":[\"https:\/\/etmu.fi\/en\/board-petajaniemi\/\"]}]},{\"@type\":\"WebSite\",\"@id\":\"https:\/\/etmu.fi\/en\/#website\",\"url\":\"https:\/\/etmu.fi\/en\/\",\"name\":\"ETMU ry\",\"description\":\"The Society for the Study of Ethnic Relations and International Migration (ETMU)\",\"publisher\":{\"@id\":\"https:\/\/etmu.fi\/en\/#organization\"},\"potentialAction\":[{\"@type\":\"SearchAction\",\"target\":{\"@type\":\"EntryPoint\",\"urlTemplate\":\"https:\/\/etmu.fi\/en\/?s={search_term_string}\"},\"query-input\":\"required name=search_term_string\"}],\"inLanguage\":\"en-US\"},{\"@type\":\"Organization\",\"@id\":\"https:\/\/etmu.fi\/en\/#organization\",\"name\":\"ETMU ry\",\"url\":\"https:\/\/etmu.fi\/en\/\",\"logo\":{\"@type\":\"ImageObject\",\"inLanguage\":\"en-US\",\"@id\":\"https:\/\/etmu.fi\/en\/#\/schema\/logo\/image\/\",\"url\":\"https:\/\/etmu.fi\/wp-content\/uploads\/2018\/04\/Logo_ETMU.png\",\"contentUrl\":\"https:\/\/etmu.fi\/wp-content\/uploads\/2018\/04\/Logo_ETMU.png\",\"width\":3415,\"height\":1366,\"caption\":\"ETMU ry\"},\"image\":{\"@id\":\"https:\/\/etmu.fi\/en\/#\/schema\/logo\/image\/\"},\"sameAs\":[\"https:\/\/www.facebook.com\/Etmu-ry-276925405713353\/\",\"https:\/\/twitter.com\/etmury\"]}]}<\/script>\n<!-- \/ Yoast SEO plugin. -->","yoast_head_json":{"title":"Maria Pet\u00e4j\u00e4niemi - ETMU","robots":{"index":"index","follow":"follow","max-snippet":"max-snippet:-1","max-image-preview":"max-image-preview:large","max-video-preview":"max-video-preview:-1"},"canonical":"https:\/\/etmu.fi\/en\/board-petajaniemi\/","og_locale":"en_US","og_type":"article","og_title":"Maria Pet\u00e4j\u00e4niemi - ETMU","og_description":"My name is Maria Pet\u00e4j\u00e4niemi. I am a postdoctoral researcher at Tampere University. My research focuses on the normative discourses surrounding refugee students, subject formation, critical views on integration, and the oppressive mechanisms functioning in the education system. I work on various national and international projects related to forced migration and education. For instance, In&hellip;&nbsp;Read More &raquo;Maria Pet\u00e4j\u00e4niemi","og_url":"https:\/\/etmu.fi\/en\/board-petajaniemi\/","og_site_name":"ETMU","article_publisher":"https:\/\/www.facebook.com\/Etmu-ry-276925405713353\/","article_modified_time":"2024-09-19T18:04:05+00:00","og_image":[{"url":"http:\/\/etmu.fi\/wp-content\/uploads\/2020\/12\/Petajaniemi-300x126.jpg"}],"twitter_misc":{"Est. reading time":"2 minutes"},"schema":{"@context":"https:\/\/schema.org","@graph":[{"@type":"WebPage","@id":"https:\/\/etmu.fi\/en\/board-petajaniemi\/","url":"https:\/\/etmu.fi\/en\/board-petajaniemi\/","name":"Maria Pet\u00e4j\u00e4niemi - ETMU","isPartOf":{"@id":"https:\/\/etmu.fi\/en\/#website"},"datePublished":"2020-12-21T08:53:34+00:00","dateModified":"2024-09-19T18:04:05+00:00","inLanguage":"en-US","potentialAction":[{"@type":"ReadAction","target":["https:\/\/etmu.fi\/en\/board-petajaniemi\/"]}]},{"@type":"WebSite","@id":"https:\/\/etmu.fi\/en\/#website","url":"https:\/\/etmu.fi\/en\/","name":"ETMU ry","description":"The Society for the Study of Ethnic Relations and International Migration (ETMU)","publisher":{"@id":"https:\/\/etmu.fi\/en\/#organization"},"potentialAction":[{"@type":"SearchAction","target":{"@type":"EntryPoint","urlTemplate":"https:\/\/etmu.fi\/en\/?s={search_term_string}"},"query-input":"required name=search_term_string"}],"inLanguage":"en-US"},{"@type":"Organization","@id":"https:\/\/etmu.fi\/en\/#organization","name":"ETMU ry","url":"https:\/\/etmu.fi\/en\/","logo":{"@type":"ImageObject","inLanguage":"en-US","@id":"https:\/\/etmu.fi\/en\/#\/schema\/logo\/image\/","url":"https:\/\/etmu.fi\/wp-content\/uploads\/2018\/04\/Logo_ETMU.png","contentUrl":"https:\/\/etmu.fi\/wp-content\/uploads\/2018\/04\/Logo_ETMU.png","width":3415,"height":1366,"caption":"ETMU ry"},"image":{"@id":"https:\/\/etmu.fi\/en\/#\/schema\/logo\/image\/"},"sameAs":["https:\/\/www.facebook.com\/Etmu-ry-276925405713353\/","https:\/\/twitter.com\/etmury"]}]}},"uagb_featured_image_src":{"full":false,"thumbnail":false,"medium":false,"medium_large":false,"large":false,"1536x1536":false,"2048x2048":false,"neve-blog":false},"uagb_author_info":{"display_name":"Ville-Samuli","author_link":"https:\/\/etmu.fi\/en\/author\/ville-samuli-haverinen\/"},"uagb_comment_info":0,"uagb_excerpt":"My name is Maria Pet\u00e4j\u00e4niemi. I am a postdoctoral researcher at Tampere University. My research focuses on the normative discourses surrounding refugee students, subject formation, critical views on integration, and the oppressive mechanisms functioning in the education system. I work on various national and international projects related to forced migration and education. For instance, In&hellip;&nbsp;Read&hellip;","_links":{"self":[{"href":"https:\/\/etmu.fi\/en\/wp-json\/wp\/v2\/pages\/3675"}],"collection":[{"href":"https:\/\/etmu.fi\/en\/wp-json\/wp\/v2\/pages"}],"about":[{"href":"https:\/\/etmu.fi\/en\/wp-json\/wp\/v2\/types\/page"}],"author":[{"embeddable":true,"href":"https:\/\/etmu.fi\/en\/wp-json\/wp\/v2\/users\/19"}],"replies":[{"embeddable":true,"href":"https:\/\/etmu.fi\/en\/wp-json\/wp\/v2\/comments?post=3675"}],"version-history":[{"count":1,"href":"https:\/\/etmu.fi\/en\/wp-json\/wp\/v2\/pages\/3675\/revisions"}],"predecessor-version":[{"id":4573,"href":"https:\/\/etmu.fi\/en\/wp-json\/wp\/v2\/pages\/3675\/revisions\/4573"}],"wp:attachment":[{"href":"https:\/\/etmu.fi\/en\/wp-json\/wp\/v2\/media?parent=3675"}],"curies":[{"name":"wp","href":"https:\/\/api.w.org\/{rel}","templated":true}]}}