{"id":781,"date":"2012-10-27T14:35:01","date_gmt":"2012-10-27T14:35:01","guid":{"rendered":"http:\/\/etmu.fi\/?page_id=781"},"modified":"2021-04-19T01:00:54","modified_gmt":"2021-04-18T22:00:54","slug":"books","status":"publish","type":"page","link":"https:\/\/etmu.fi\/en\/publications\/books\/","title":{"rendered":"Books"},"content":{"rendered":"\n<p><strong><em>Ulos<\/em> <em>kammioista! Muuttoliikkeiden ja etnisyyden tutkimus yhteiskunnallisena vaikuttamisena&nbsp;<\/em><\/strong>(toim. Lotta Haikkola, Niko Pyrh\u00f6nen, Merja Pentik\u00e4inen ja Teemu Pauha)<strong>&nbsp;<\/strong>kertoo tutkijoiden n\u00e4k\u00f6kulmasta, milt\u00e4 tuntuu ty\u00f6skennell\u00e4 maahanmuuttoon kohdistuvien odotusten ja pelkojen ristipaineessa 2000-luvun Suomessa.<\/p>\n\n\n\n<div class=\"wp-block-image\"><figure class=\"alignleft\"><img decoding=\"async\" loading=\"lazy\" width=\"191\" height=\"300\" src=\"http:\/\/etmu.fi\/wp-content\/uploads\/2014\/11\/ulos_kammioista-kirjakansi-191x300.png\" alt=\"ulos_kammioista_kansi\" class=\"wp-image-1919\" srcset=\"https:\/\/etmu.fi\/wp-content\/uploads\/2014\/11\/ulos_kammioista-kirjakansi-191x300.png 191w, https:\/\/etmu.fi\/wp-content\/uploads\/2014\/11\/ulos_kammioista-kirjakansi.png 565w\" sizes=\"(max-width: 191px) 100vw, 191px\" \/><\/figure><\/div>\n\n\n\n<p>Kirja on tutkijoiden kannanotto suomalaisen maahanmuuttokeskustelun laajenemiseen ja k\u00e4rjistymiseen. Tutkijat ovat kokeneet julkisen tieteellisen keskustelun aiempaa vaikeammaksi maahanmuuttokeskustelun kovenevien \u00e4\u00e4nenpainojen vuoksi. Tarve tutkitulle tiedolle ja tutkijoiden puheenvuoroille maahanmuutosta on kuitenkin vahvana olemassa. Vaatimus tieteellisen tiedon lis\u00e4\u00e4misest\u00e4 toistuu niin poliitikkojen kuin virkamiesten kannanotoissa. Tutkijat pyrkiv\u00e4t vastaamaan heille asetettuun haasteeseen, vaikka se asettaakin heid\u00e4t alttiiksi sek\u00e4 henkil\u00f6kohtaisille ett\u00e4 ammatillisille hy\u00f6kk\u00e4yksille.<\/p>\n\n\n\n<p class=\"has-text-align-left\"><em>Ulos kam<\/em><em>mioista!<\/em> on k\u00e4yt\u00e4nn\u00f6nl\u00e4heinen kurkistus tutkijanty\u00f6h\u00f6n. Julkisuudessa k\u00e4yt\u00e4v\u00e4n maahanmuuttokeskustelun ohella kirjoittavat pohtivat yhteiskunnallista vaikuttamista kansalaisyhteiskunnan sek\u00e4 kasvatuksen kentill\u00e4. Kirja sis\u00e4lt\u00e4\u00e4 my\u00f6s ajatuksia maahanmuuttokeskustelun k\u00e4sitteist\u00e4, tutkimuksen tekemisest\u00e4 yhteisty\u00f6ss\u00e4 sen kohteiden kanssa sek\u00e4 siit\u00e4, kuinka tutkimuksen avulla voidaan nostaa esiin v\u00e4hemmist\u00f6kulttuureita ja v\u00e4hemmist\u00f6jen oikeuksia.<\/p>\n\n\n\n<p>Toimittajien kirjoittaman johdannon lis\u00e4ksi kirjassa on yhdeks\u00e4n sis\u00e4lt\u00f6artikkelia sek\u00e4 kaksi katsausta ETMU ry:n kymmenvuotiseen historiaan. Lis\u00e4ksi se pit\u00e4\u00e4 sis\u00e4ll\u00e4\u00e4n presidentti Tarja Halosen ETMU:n 10-vuotisjuhlissa lokakuussa 2013 pit\u00e4m\u00e4n juhlapuheen, jossa Halonen painottaa ihmisoikeuksien merkityst\u00e4 maailmassa, jossa ihmiset, entiseen tapaansa, liikkuvat paikasta toiseen.<\/p>\n\n\n\n<p>Kirja on tarkoitettu opiskelijoille ja tutkijoille, maahanmuuttoty\u00f6t\u00e4 tekeville virkamiehille ja kansalaistoimijoille, media-alan ammattilaisille sek\u00e4 kaikille asiasta kiinnostuneille.<\/p>\n\n\n\n<p>Haikkola, Lotta, Niko Pyrh\u00f6nen, Merja Pentik\u00e4inen ja Teemu Pauha (toim.) 2014. Ulos kammioista! Muuttoliikkeiden ja etnisyyden tutkimus yhteiskunnallisena vaikuttamisena.<\/p>\n\n\n\n<p>ETMU ry, ISBN 978-952-93-4590-8 (nid.), 158 s., Helsinki 2014.<\/p>\n\n\n\n<p><strong>Kirjatilaukset:<\/strong> Tiedekirja <a href=\"http:\/\/www.tiedekirja.fi\/\">http:\/\/www.tiedekirja.fi\/<\/a>.<\/p>\n\n\n\n<p>Hinta 20 \u20ac.<\/p>\n\n\n\n<p>Tai suoraan Etmulta, Hinta 15 \u20ac + postikulut 5 \u20ac, yhteens\u00e4 20\u20ac, johlei(at)utu.fi<\/p>\n\n\n\n<hr class=\"wp-block-separator\"\/>\n\n\n\n<div class=\"wp-block-image\"><figure class=\"alignleft\"><img decoding=\"async\" loading=\"lazy\" width=\"192\" height=\"300\" src=\"http:\/\/etmu.fi\/wp-content\/uploads\/2012\/10\/Ylirajainen_w200-192x300.jpg\" alt=\"Ylirajainen_w200\" class=\"wp-image-1098\" srcset=\"https:\/\/etmu.fi\/wp-content\/uploads\/2012\/10\/Ylirajainen_w200-192x300.jpg 192w, https:\/\/etmu.fi\/wp-content\/uploads\/2012\/10\/Ylirajainen_w200.jpg 200w\" sizes=\"(max-width: 192px) 100vw, 192px\" \/><\/figure><\/div>\n\n\n\n<p><em><strong>Ylirajainen kulttuuri \u2013 Etnisyys Suomessa 2000-luvulla<\/strong><\/em> (toim. Tuomas Martikainen) on ETMU:n ensimm\u00e4inen julkaisu, joka perustuu mm. ensimm\u00e4isill\u00e4 ETMU-p\u00e4ivill\u00e4 vuonna 2004 pidettyihin esitelmiin. Kirjan on julkaissut SKS.<\/p>\n\n\n\n<p>Artikkelikokoelma <em>Ylirajainen kulttuuri<\/em> on katsaus etnisten v\u00e4hemmist\u00f6jen el\u00e4m\u00e4\u00e4n Suomessa. Kirja k\u00e4sittelee muun muassa Suomessa asuvia bosnialaisia, inkeril\u00e4isi\u00e4, thaimaalaisia, ven\u00e4l\u00e4isi\u00e4 ja virolaisia. Artikkeleissa tuodaan esille diasporassa el\u00e4minen, vanhusten hoiva ja kansainv\u00e4liset avioliitot, joiden kautta valotetaan ylirajaisuuden eri puolia. Muita aiheita ovat somalitytt\u00f6jen yst\u00e4vyyssuhteet suomalaisten nuorten kanssa, etnisten medioiden rooli, kaksoiskansalaisuus ja maahanmuuttajien ty\u00f6markkinakysymykset. Kirja soveltuu monikulttuurisuutta ja maahanmuuttoa k\u00e4sittelevien aineiden oppikirjaksi.<\/p>\n\n\n\n<p>Ylirajainen kulttuuri<br>Toim. Tuomas Martikainen<br>Nid., 308 s., hinta 25 \u20ac<br>ISBN 951-746-848-2 ISSN 0562-6129<\/p>\n","protected":false},"excerpt":{"rendered":"<p>Ulos kammioista! Muuttoliikkeiden ja etnisyyden tutkimus yhteiskunnallisena vaikuttamisena&nbsp;(toim. Lotta Haikkola, Niko Pyrh\u00f6nen, Merja Pentik\u00e4inen ja Teemu Pauha)&nbsp;kertoo tutkijoiden n\u00e4k\u00f6kulmasta, milt\u00e4 tuntuu ty\u00f6skennell\u00e4 maahanmuuttoon kohdistuvien odotusten ja pelkojen ristipaineessa 2000-luvun Suomessa. Kirja on tutkijoiden kannanotto suomalaisen maahanmuuttokeskustelun laajenemiseen ja k\u00e4rjistymiseen. Tutkijat ovat kokeneet julkisen tieteellisen keskustelun aiempaa vaikeammaksi maahanmuuttokeskustelun kovenevien \u00e4\u00e4nenpainojen vuoksi. Tarve tutkitulle tiedolle ja&hellip;&nbsp;<a href=\"https:\/\/etmu.fi\/en\/publications\/books\/\" class=\"\" rel=\"bookmark\">Read More &raquo;<span class=\"screen-reader-text\">Books<\/span><\/a><\/p>\n","protected":false},"author":20,"featured_media":0,"parent":775,"menu_order":1,"comment_status":"closed","ping_status":"open","template":"","meta":{"inline_featured_image":false,"_uag_custom_page_level_css":"","neve_meta_sidebar":"","neve_meta_container":"","neve_meta_enable_content_width":"","neve_meta_content_width":0,"neve_meta_title_alignment":"","neve_meta_author_avatar":"","neve_post_elements_order":"","neve_meta_disable_header":"","neve_meta_disable_footer":"","neve_meta_disable_title":""},"yoast_head":"<!-- This site is optimized with the Yoast SEO plugin v20.5 - https:\/\/yoast.com\/wordpress\/plugins\/seo\/ -->\n<title>Books - ETMU<\/title>\n<meta name=\"robots\" content=\"index, follow, max-snippet:-1, max-image-preview:large, max-video-preview:-1\" \/>\n<link rel=\"canonical\" href=\"https:\/\/etmu.fi\/en\/publications\/books\/\" \/>\n<meta property=\"og:locale\" content=\"en_US\" \/>\n<meta property=\"og:type\" content=\"article\" \/>\n<meta property=\"og:title\" content=\"Books - ETMU\" \/>\n<meta property=\"og:description\" content=\"Ulos kammioista! Muuttoliikkeiden ja etnisyyden tutkimus yhteiskunnallisena vaikuttamisena&nbsp;(toim. Lotta Haikkola, Niko Pyrh\u00f6nen, Merja Pentik\u00e4inen ja Teemu Pauha)&nbsp;kertoo tutkijoiden n\u00e4k\u00f6kulmasta, milt\u00e4 tuntuu ty\u00f6skennell\u00e4 maahanmuuttoon kohdistuvien odotusten ja pelkojen ristipaineessa 2000-luvun Suomessa. Kirja on tutkijoiden kannanotto suomalaisen maahanmuuttokeskustelun laajenemiseen ja k\u00e4rjistymiseen. Tutkijat ovat kokeneet julkisen tieteellisen keskustelun aiempaa vaikeammaksi maahanmuuttokeskustelun kovenevien \u00e4\u00e4nenpainojen vuoksi. Tarve tutkitulle tiedolle ja&hellip;&nbsp;Read More &raquo;Books\" \/>\n<meta property=\"og:url\" content=\"https:\/\/etmu.fi\/en\/publications\/books\/\" \/>\n<meta property=\"og:site_name\" content=\"ETMU\" \/>\n<meta property=\"article:publisher\" content=\"https:\/\/www.facebook.com\/Etmu-ry-276925405713353\/\" \/>\n<meta property=\"article:modified_time\" content=\"2021-04-18T22:00:54+00:00\" \/>\n<meta property=\"og:image\" content=\"http:\/\/etmu.fi\/wp-content\/uploads\/2014\/11\/ulos_kammioista-kirjakansi-191x300.png\" \/>\n<meta name=\"twitter:label1\" content=\"Est. reading time\" \/>\n\t<meta name=\"twitter:data1\" content=\"2 minutes\" \/>\n<script type=\"application\/ld+json\" class=\"yoast-schema-graph\">{\"@context\":\"https:\/\/schema.org\",\"@graph\":[{\"@type\":\"WebPage\",\"@id\":\"https:\/\/etmu.fi\/en\/publications\/books\/\",\"url\":\"https:\/\/etmu.fi\/en\/publications\/books\/\",\"name\":\"Books - ETMU\",\"isPartOf\":{\"@id\":\"https:\/\/etmu.fi\/en\/#website\"},\"datePublished\":\"2012-10-27T14:35:01+00:00\",\"dateModified\":\"2021-04-18T22:00:54+00:00\",\"breadcrumb\":{\"@id\":\"https:\/\/etmu.fi\/en\/publications\/books\/#breadcrumb\"},\"inLanguage\":\"en-US\",\"potentialAction\":[{\"@type\":\"ReadAction\",\"target\":[\"https:\/\/etmu.fi\/en\/publications\/books\/\"]}]},{\"@type\":\"BreadcrumbList\",\"@id\":\"https:\/\/etmu.fi\/en\/publications\/books\/#breadcrumb\",\"itemListElement\":[{\"@type\":\"ListItem\",\"position\":1,\"name\":\"Publications\",\"item\":\"https:\/\/etmu.fi\/en\/publications\/\"},{\"@type\":\"ListItem\",\"position\":2,\"name\":\"Books\"}]},{\"@type\":\"WebSite\",\"@id\":\"https:\/\/etmu.fi\/en\/#website\",\"url\":\"https:\/\/etmu.fi\/en\/\",\"name\":\"ETMU ry\",\"description\":\"The Society for the Study of Ethnic Relations and International Migration (ETMU)\",\"publisher\":{\"@id\":\"https:\/\/etmu.fi\/en\/#organization\"},\"potentialAction\":[{\"@type\":\"SearchAction\",\"target\":{\"@type\":\"EntryPoint\",\"urlTemplate\":\"https:\/\/etmu.fi\/en\/?s={search_term_string}\"},\"query-input\":\"required name=search_term_string\"}],\"inLanguage\":\"en-US\"},{\"@type\":\"Organization\",\"@id\":\"https:\/\/etmu.fi\/en\/#organization\",\"name\":\"ETMU ry\",\"url\":\"https:\/\/etmu.fi\/en\/\",\"logo\":{\"@type\":\"ImageObject\",\"inLanguage\":\"en-US\",\"@id\":\"https:\/\/etmu.fi\/en\/#\/schema\/logo\/image\/\",\"url\":\"https:\/\/etmu.fi\/wp-content\/uploads\/2018\/04\/Logo_ETMU.png\",\"contentUrl\":\"https:\/\/etmu.fi\/wp-content\/uploads\/2018\/04\/Logo_ETMU.png\",\"width\":3415,\"height\":1366,\"caption\":\"ETMU ry\"},\"image\":{\"@id\":\"https:\/\/etmu.fi\/en\/#\/schema\/logo\/image\/\"},\"sameAs\":[\"https:\/\/www.facebook.com\/Etmu-ry-276925405713353\/\",\"https:\/\/twitter.com\/etmury\"]}]}<\/script>\n<!-- \/ Yoast SEO plugin. -->","yoast_head_json":{"title":"Books - ETMU","robots":{"index":"index","follow":"follow","max-snippet":"max-snippet:-1","max-image-preview":"max-image-preview:large","max-video-preview":"max-video-preview:-1"},"canonical":"https:\/\/etmu.fi\/en\/publications\/books\/","og_locale":"en_US","og_type":"article","og_title":"Books - ETMU","og_description":"Ulos kammioista! Muuttoliikkeiden ja etnisyyden tutkimus yhteiskunnallisena vaikuttamisena&nbsp;(toim. Lotta Haikkola, Niko Pyrh\u00f6nen, Merja Pentik\u00e4inen ja Teemu Pauha)&nbsp;kertoo tutkijoiden n\u00e4k\u00f6kulmasta, milt\u00e4 tuntuu ty\u00f6skennell\u00e4 maahanmuuttoon kohdistuvien odotusten ja pelkojen ristipaineessa 2000-luvun Suomessa. Kirja on tutkijoiden kannanotto suomalaisen maahanmuuttokeskustelun laajenemiseen ja k\u00e4rjistymiseen. Tutkijat ovat kokeneet julkisen tieteellisen keskustelun aiempaa vaikeammaksi maahanmuuttokeskustelun kovenevien \u00e4\u00e4nenpainojen vuoksi. Tarve tutkitulle tiedolle ja&hellip;&nbsp;Read More &raquo;Books","og_url":"https:\/\/etmu.fi\/en\/publications\/books\/","og_site_name":"ETMU","article_publisher":"https:\/\/www.facebook.com\/Etmu-ry-276925405713353\/","article_modified_time":"2021-04-18T22:00:54+00:00","og_image":[{"url":"http:\/\/etmu.fi\/wp-content\/uploads\/2014\/11\/ulos_kammioista-kirjakansi-191x300.png"}],"twitter_misc":{"Est. reading time":"2 minutes"},"schema":{"@context":"https:\/\/schema.org","@graph":[{"@type":"WebPage","@id":"https:\/\/etmu.fi\/en\/publications\/books\/","url":"https:\/\/etmu.fi\/en\/publications\/books\/","name":"Books - ETMU","isPartOf":{"@id":"https:\/\/etmu.fi\/en\/#website"},"datePublished":"2012-10-27T14:35:01+00:00","dateModified":"2021-04-18T22:00:54+00:00","breadcrumb":{"@id":"https:\/\/etmu.fi\/en\/publications\/books\/#breadcrumb"},"inLanguage":"en-US","potentialAction":[{"@type":"ReadAction","target":["https:\/\/etmu.fi\/en\/publications\/books\/"]}]},{"@type":"BreadcrumbList","@id":"https:\/\/etmu.fi\/en\/publications\/books\/#breadcrumb","itemListElement":[{"@type":"ListItem","position":1,"name":"Publications","item":"https:\/\/etmu.fi\/en\/publications\/"},{"@type":"ListItem","position":2,"name":"Books"}]},{"@type":"WebSite","@id":"https:\/\/etmu.fi\/en\/#website","url":"https:\/\/etmu.fi\/en\/","name":"ETMU ry","description":"The Society for the Study of Ethnic Relations and International Migration (ETMU)","publisher":{"@id":"https:\/\/etmu.fi\/en\/#organization"},"potentialAction":[{"@type":"SearchAction","target":{"@type":"EntryPoint","urlTemplate":"https:\/\/etmu.fi\/en\/?s={search_term_string}"},"query-input":"required name=search_term_string"}],"inLanguage":"en-US"},{"@type":"Organization","@id":"https:\/\/etmu.fi\/en\/#organization","name":"ETMU ry","url":"https:\/\/etmu.fi\/en\/","logo":{"@type":"ImageObject","inLanguage":"en-US","@id":"https:\/\/etmu.fi\/en\/#\/schema\/logo\/image\/","url":"https:\/\/etmu.fi\/wp-content\/uploads\/2018\/04\/Logo_ETMU.png","contentUrl":"https:\/\/etmu.fi\/wp-content\/uploads\/2018\/04\/Logo_ETMU.png","width":3415,"height":1366,"caption":"ETMU ry"},"image":{"@id":"https:\/\/etmu.fi\/en\/#\/schema\/logo\/image\/"},"sameAs":["https:\/\/www.facebook.com\/Etmu-ry-276925405713353\/","https:\/\/twitter.com\/etmury"]}]}},"uagb_featured_image_src":{"full":false,"thumbnail":false,"medium":false,"medium_large":false,"large":false,"1536x1536":false,"2048x2048":false,"neve-blog":false},"uagb_author_info":{"display_name":"Johanna Ennser-Kananen","author_link":"https:\/\/etmu.fi\/en\/author\/johanna-ennser-kananen\/"},"uagb_comment_info":0,"uagb_excerpt":"Ulos kammioista! Muuttoliikkeiden ja etnisyyden tutkimus yhteiskunnallisena vaikuttamisena&nbsp;(toim. Lotta Haikkola, Niko Pyrh\u00f6nen, Merja Pentik\u00e4inen ja Teemu Pauha)&nbsp;kertoo tutkijoiden n\u00e4k\u00f6kulmasta, milt\u00e4 tuntuu ty\u00f6skennell\u00e4 maahanmuuttoon kohdistuvien odotusten ja pelkojen ristipaineessa 2000-luvun Suomessa. Kirja on tutkijoiden kannanotto suomalaisen maahanmuuttokeskustelun laajenemiseen ja k\u00e4rjistymiseen. Tutkijat ovat kokeneet julkisen tieteellisen keskustelun aiempaa vaikeammaksi maahanmuuttokeskustelun kovenevien \u00e4\u00e4nenpainojen vuoksi. Tarve tutkitulle tiedolle ja&hellip;&nbsp;Read&hellip;","_links":{"self":[{"href":"https:\/\/etmu.fi\/en\/wp-json\/wp\/v2\/pages\/781"}],"collection":[{"href":"https:\/\/etmu.fi\/en\/wp-json\/wp\/v2\/pages"}],"about":[{"href":"https:\/\/etmu.fi\/en\/wp-json\/wp\/v2\/types\/page"}],"author":[{"embeddable":true,"href":"https:\/\/etmu.fi\/en\/wp-json\/wp\/v2\/users\/20"}],"replies":[{"embeddable":true,"href":"https:\/\/etmu.fi\/en\/wp-json\/wp\/v2\/comments?post=781"}],"version-history":[{"count":0,"href":"https:\/\/etmu.fi\/en\/wp-json\/wp\/v2\/pages\/781\/revisions"}],"up":[{"embeddable":true,"href":"https:\/\/etmu.fi\/en\/wp-json\/wp\/v2\/pages\/775"}],"wp:attachment":[{"href":"https:\/\/etmu.fi\/en\/wp-json\/wp\/v2\/media?parent=781"}],"curies":[{"name":"wp","href":"https:\/\/api.w.org\/{rel}","templated":true}]}}